{"id":13333,"date":"2026-02-08T03:06:46","date_gmt":"2026-02-08T03:06:46","guid":{"rendered":"https:\/\/goodsforsaleman.shop\/?post_type=product&#038;p=13333"},"modified":"2026-04-03T15:25:45","modified_gmt":"2026-04-03T15:25:45","slug":"freidora-de-aire-sin-aceite-xxl-7l1900w-inteligente-conexion-wifi-pantalla-led-tactil-7-funciones-preestablecidas-libre-de-bpa-regalo-17l-hervidor-electrico","status":"publish","type":"product","link":"https:\/\/goodsforsaleman.shop\/es\/producto\/freidora-de-aire-sin-aceite-xxl-7l1900w-inteligente-conexion-wifi-pantalla-led-tactil-7-funciones-preestablecidas-libre-de-bpa-regalo-17l-hervidor-electrico\/","title":{"rendered":"Freidora de Aire sin Aceite XXL 7L,1900W, Inteligente. Conexi\u00f3n Wifi.Pantalla LED t\u00e1ctil, 7 funciones preestablecidas Libre de BPA REGALO: 1,7L Hervidor El\u00e9ctrico"},"content":{"rendered":"<p><img loading=\"lazy\" decoding=\"async\" class=\"alignnone size-full wp-image-16744 aligncenter\" src=\"https:\/\/teal-lobster-750471.hostingersite.com\/wp-content\/uploads\/2026\/01\/6.jpg\" alt=\"\" width=\"1464\" height=\"600\" \/><\/p>\n<p style=\"text-align: center;\"><img loading=\"lazy\" decoding=\"async\" class=\"alignnone size-full wp-image-16745\" src=\"https:\/\/teal-lobster-750471.hostingersite.com\/wp-content\/uploads\/2026\/01\/7.jpg\" alt=\"\" width=\"1464\" height=\"600\" \/><\/p>\n<p style=\"text-align: center;\"><img loading=\"lazy\" decoding=\"async\" class=\"alignnone size-full wp-image-16746\" src=\"https:\/\/teal-lobster-750471.hostingersite.com\/wp-content\/uploads\/2026\/01\/8-1.jpg\" alt=\"\" width=\"1464\" height=\"600\" \/><\/p>\n<p style=\"text-align: center;\"><img loading=\"lazy\" decoding=\"async\" class=\"alignnone size-full wp-image-16747\" src=\"https:\/\/teal-lobster-750471.hostingersite.com\/wp-content\/uploads\/2026\/01\/9.jpg\" alt=\"\" width=\"1464\" height=\"600\" \/><\/p>\n<p style=\"text-align: center;\"><img loading=\"lazy\" decoding=\"async\" class=\"alignnone size-full wp-image-16748\" src=\"https:\/\/teal-lobster-750471.hostingersite.com\/wp-content\/uploads\/2026\/01\/10.jpg\" alt=\"\" width=\"1464\" height=\"600\" \/><\/p>\n<p style=\"text-align: center;\"><img loading=\"lazy\" decoding=\"async\" class=\"alignnone size-full wp-image-16749\" src=\"https:\/\/teal-lobster-750471.hostingersite.com\/wp-content\/uploads\/2026\/01\/11-2.jpg\" alt=\"\" width=\"1464\" height=\"600\" \/><\/p>\n<p style=\"text-align: center;\"><img loading=\"lazy\" decoding=\"async\" class=\"alignnone size-full wp-image-16750\" src=\"https:\/\/teal-lobster-750471.hostingersite.com\/wp-content\/uploads\/2026\/01\/1-19.jpg\" alt=\"\" width=\"1464\" height=\"600\" \/><\/p>\n<p style=\"text-align: center;\"><img loading=\"lazy\" decoding=\"async\" class=\"alignnone size-full wp-image-16751\" src=\"https:\/\/teal-lobster-750471.hostingersite.com\/wp-content\/uploads\/2026\/01\/2-6.jpg\" alt=\"\" width=\"1464\" height=\"600\" \/><\/p>\n<p style=\"text-align: center;\"><img loading=\"lazy\" decoding=\"async\" class=\"alignnone size-full wp-image-16752\" src=\"https:\/\/teal-lobster-750471.hostingersite.com\/wp-content\/uploads\/2026\/01\/3-5.jpg\" alt=\"\" width=\"1464\" height=\"600\" \/><\/p>\n<p style=\"text-align: center;\"><img loading=\"lazy\" decoding=\"async\" class=\"alignnone size-full wp-image-16754\" src=\"https:\/\/teal-lobster-750471.hostingersite.com\/wp-content\/uploads\/2026\/01\/4-5.jpg\" alt=\"\" width=\"1464\" height=\"600\" \/><\/p>\n<p><img loading=\"lazy\" decoding=\"async\" class=\"alignnone size-full wp-image-16755 aligncenter\" src=\"https:\/\/teal-lobster-750471.hostingersite.com\/wp-content\/uploads\/2026\/01\/5-1.jpg\" alt=\"\" width=\"1464\" height=\"600\" \/><\/p>\n<div class=\"elementor-widget-container\">\n# Informaci\u00f3n del producto<\/p>\n<div class=\"product-table\">\n<div class=\"product-row\">\n<div class=\"product-label\">Caracter\u00edsticas especiales<\/div>\n<div class=\"product-value\">Sin aceite, Capacidad XXL 7L, Potencia 1900W, Inteligente, Cocci\u00f3n r\u00e1pida y saludable, Control t\u00e1ctil inteligente<\/div>\n<\/div>\n<div class=\"product-row\">\n<div class=\"product-label\"><strong>Color<\/strong><\/div>\n<div class=\"product-value\"><strong>Negro<\/strong><\/div>\n<\/div>\n<div class=\"product-row\">\n<div class=\"product-label\"><strong>Marca<\/strong><\/div>\n<div class=\"product-value\"><strong>COSTWAY<\/strong><\/div>\n<\/div>\n<div class=\"product-row\">\n<div class=\"product-label\"><strong>Dimensiones del producto<\/strong><\/div>\n<div class=\"product-value\"><strong>XXL 7L, Dise\u00f1o compacto<\/strong><\/div>\n<\/div>\n<div class=\"product-row\">\n<div class=\"product-label\"><strong>Peso del art\u00edculo<\/strong><\/div>\n<div class=\"product-value\"><strong>6,5 Libras<\/strong><\/div>\n<\/div>\n<div class=\"product-row\">\n<div class=\"product-label\"><strong>Componentes incluidos<\/strong><\/div>\n<div class=\"product-value\"><strong>1 Freidora de aire sin aceite XXL 7L, 1 Cesta de cocci\u00f3n, 1 Rejilla antiadherente, 1 Cuchara de silicona, 1 Cable de alimentaci\u00f3n, 1 Manual de instrucciones (Espa\u00f1ol\/Ingl\u00e9s)<\/strong><\/div>\n<\/div>\n<div class=\"product-row\">\n<div class=\"product-label\"><strong>Fabricante<\/strong><\/div>\n<div class=\"product-value\"><strong>COSTWAY<\/strong><\/div>\n<\/div>\n<div class=\"product-row\">\n<div class=\"product-label\"><strong>ASIN<\/strong><\/div>\n<div class=\"product-value\"><strong>BOF6NM24WN<\/strong><\/div>\n<\/div>\n<div class=\"product-row\">\n<div class=\"product-label\"><strong>N\u00famero de modelo del producto<\/strong><\/div>\n<div class=\"product-value\"><strong>AF-7L1900<\/strong><\/div>\n<\/div>\n<div class=\"product-row\">\n<div class=\"product-label\"><strong>Opini\u00f3n media de los clientes<\/strong><\/div>\n<div class=\"product-value\"><strong>4.7 \u2605\u2605\u2605\u2605\u2605 (528) 4.7 de 5 estrellas<\/strong><\/div>\n<\/div>\n<div class=\"product-row\">\n<div class=\"product-label\"><strong>Clasificaci\u00f3n en los m\u00e1s vendidos de Amazon<\/strong><\/div>\n<div class=\"product-value\"><strong>n\u00ba897 en Herramientas y Mejoras del Hogar n\u00ba12 en Freidoras de Aire Sin Aceite<\/strong><\/div>\n<\/div>\n<div class=\"product-row\">\n<div class=\"product-label\"><strong>Producto en amazon.com desde<\/strong><\/div>\n<div class=\"product-value\"><strong>28 de abril de 2025<\/strong><\/div>\n<\/div>\n<\/div>\n<style>\n.product-table {\nwidth: 100%;\nborder-top: 1px solid #000;\nfont-family: Arial, sans-serif;\n}\n\/* Freidora de aire sin aceite core\uff1aGrid\u5e03\u5c40\u66ff\u6362\u539fFlex\uff0c\u5b9a\u4f4d\u66f4\u7cbe\u51c6 *\/\n.product-row {\ndisplay: grid;\ngrid-template-columns: minmax(200px, 1fr) minmax(200px, 1fr);\ncolumn-gap: 20px;\nborder-bottom: 1px solid #000;\npadding: 12px 0;\n}\n.product-label {\nfont-weight: bold;\n}\n.product-value {\nword-wrap: break-word;\n}\n<\/style>","protected":false},"excerpt":{"rendered":"<p># Informaci\u00f3n del producto Caracter\u00edsticas especiales Sin aceite, Capacidad XXL 7L, Potencia 1900W, Inteligente, Cocci\u00f3n r\u00e1pida y saludable, Control t\u00e1ctil&#8230;<\/p>","protected":false},"featured_media":13334,"comment_status":"open","ping_status":"closed","template":"","meta":{"_acf_changed":false},"etheme_brands":[],"product_brand":[],"product_cat":[118],"product_tag":[],"class_list":{"0":"post-13333","1":"product","2":"type-product","3":"status-publish","4":"has-post-thumbnail","6":"product_cat-sale-shop","8":"first","9":"instock","10":"sale","11":"shipping-taxable","12":"purchasable","13":"product-type-simple"},"acf":[],"_links":{"self":[{"href":"https:\/\/goodsforsaleman.shop\/es\/wp-json\/wp\/v2\/product\/13333","targetHints":{"allow":["GET"]}}],"collection":[{"href":"https:\/\/goodsforsaleman.shop\/es\/wp-json\/wp\/v2\/product"}],"about":[{"href":"https:\/\/goodsforsaleman.shop\/es\/wp-json\/wp\/v2\/types\/product"}],"replies":[{"embeddable":true,"href":"https:\/\/goodsforsaleman.shop\/es\/wp-json\/wp\/v2\/comments?post=13333"}],"version-history":[{"count":1,"href":"https:\/\/goodsforsaleman.shop\/es\/wp-json\/wp\/v2\/product\/13333\/revisions"}],"predecessor-version":[{"id":13335,"href":"https:\/\/goodsforsaleman.shop\/es\/wp-json\/wp\/v2\/product\/13333\/revisions\/13335"}],"wp:featuredmedia":[{"embeddable":true,"href":"https:\/\/goodsforsaleman.shop\/es\/wp-json\/wp\/v2\/media\/13334"}],"wp:attachment":[{"href":"https:\/\/goodsforsaleman.shop\/es\/wp-json\/wp\/v2\/media?parent=13333"}],"wp:term":[{"taxonomy":"brand","embeddable":true,"href":"https:\/\/goodsforsaleman.shop\/es\/wp-json\/wp\/v2\/etheme_brands?post=13333"},{"taxonomy":"product_brand","embeddable":true,"href":"https:\/\/goodsforsaleman.shop\/es\/wp-json\/wp\/v2\/product_brand?post=13333"},{"taxonomy":"product_cat","embeddable":true,"href":"https:\/\/goodsforsaleman.shop\/es\/wp-json\/wp\/v2\/product_cat?post=13333"},{"taxonomy":"product_tag","embeddable":true,"href":"https:\/\/goodsforsaleman.shop\/es\/wp-json\/wp\/v2\/product_tag?post=13333"}],"curies":[{"name":"wp","href":"https:\/\/api.w.org\/{rel}","templated":true}]}}